{"id":260,"date":"2017-12-10T04:10:29","date_gmt":"2017-12-10T01:10:29","guid":{"rendered":"https:\/\/site-724-temalar-byxox.c9users.io\/eticaret-724\/?page_id=260"},"modified":"2017-12-10T04:10:29","modified_gmt":"2017-12-10T01:10:29","slug":"sartlar-ve-kosullar","status":"publish","type":"page","link":"http:\/\/pharmawen.com\/index.php\/sartlar-ve-kosullar\/","title":{"rendered":"\u015eartlar ve Ko\u015fullar"},"content":{"rendered":"<p>\u00dcr\u00fcn iade istekleri\u00a0<strong>6502<\/strong>\u00a0say\u0131l\u0131 T\u00fcketicinin Korunmas\u0131 Hakk\u0131ndaki Kanun h\u00fck\u00fcmleri esas al\u0131narak esas al\u0131narak a\u015fa\u011f\u0131daki kriterler d\u00e2hilinde yap\u0131lmaktad\u0131r.<br \/>\nKanunen internetten yap\u0131lan(anl\u0131k teslim edilebilir\/indirilebilir \u00fcr\u00fcnler hari\u00e7) sat\u0131\u015flarda (mesafeli s\u00f6zle\u015fmeler ile sat\u0131\u015flarda) t\u00fcketicilerin teslim ald\u0131\u011f\u0131 tarihten itibaren cayma hakk\u0131 kapsam\u0131nda 14 g\u00fcn i\u00e7erisinde hi\u00e7bir hukuki ve cezai sorumluluk \u00fcstlenmeksizin ve hi\u00e7 bir gerek\u00e7e g\u00f6stermeksizin mal\u0131 reddederek \u00fcr\u00fcn\u00fc iade hakk\u0131 mevcuttur.<br \/>\nSize en yak\u0131n ma\u011fazam\u0131zdan faturan\u0131z ile birlikte \u00fcr\u00fcn de\u011fi\u015fimi yapabilirsiniz.<br \/>\nKampanyal\u0131 \u00fcr\u00fcnlerde sadece beden de\u011fi\u015fimi yap\u0131lmaktad\u0131r.<br \/>\n\u0130ade durumunda internet ma\u011fazac\u0131l\u0131k kanal\u0131m\u0131za ait iade adresine kargo g\u00f6nderimi yap\u0131lmal\u0131d\u0131r.<\/p>\n<p><b><br \/>\nMa\u011fazalar\u0131m\u0131zda \u00fcr\u00fcn iadesi yapabilirsiniz.<br \/>\n<\/b><\/p>\n<p>\u00dcr\u00fcnlerinizin orijinal ambalajlar\u0131nda, etiketli, eksiksiz (aksesuar, kemer v.b. par\u00e7alar\u0131 ile) ve kullan\u0131lmam\u0131\u015f olarak iade edilmesi gereklidir.<br \/>\nSipari\u015f ile birlikte g\u00f6nderilen bir promosyon ya da \u00fccretsiz \u00fcr\u00fcn varsa geri g\u00f6nderilmelidir.<br \/>\nMa\u011fazalar\u0131m\u0131zda yap\u0131lan al\u0131\u015fveri\u015flerde oldu\u011fu gibi \u00fcr\u00fcnlere bakmak ve denemek amac\u0131yla ambalaj\u0131 a\u00e7abilirsiniz. Ancak iade edilmesi durumunda orijinal ambalaj\u0131 ile g\u00f6nderilmesi gerekmektedir.<br \/>\n\u0130ade edilecek \u00fcr\u00fcnlerde parf\u00fcm, losyon ya da a\u011f\u0131r koku ve iz b\u0131rakacak bir deodorant olmamas\u0131 gereklidir.<\/p>\n<p>\u0130\u00e7 giyim \u00fcr\u00fcnlerinde ilgili kanun ve y\u00f6netmelik h\u00fck\u00fcmleri gere\u011fi de\u011fi\u015fim ve iade yap\u0131lamamaktad\u0131r.<br \/>\n\u0130ade edilecek \u00fcr\u00fcn, irsaliyeli fatura ile arkas\u0131nda mevcut olan iade formuna iade sebebi doldurularak g\u00f6nderilmelidir. Faturas\u0131 g\u00f6nderilmeyen \u00fcr\u00fcnlerin iadesi kabul edilmemektedir.<\/p>\n<p>Yukar\u0131daki gibi \u00f6rnek bir iade politikas\u0131 sayfas\u0131 olu\u015fturabilirsiniz.<\/p>\n<p>Bu alan\u0131\u00a0<strong>WordPress Paneliniz &gt; Sayfalar &gt; \u015eartlar ve Ko\u015fullar\u00a0<\/strong>alan\u0131ndan y\u00f6netebilirsiniz.<\/p>\n","protected":false},"excerpt":{"rendered":"<p>\u00dcr\u00fcn iade istekleri\u00a06502\u00a0say\u0131l\u0131 T\u00fcketicinin Korunmas\u0131 Hakk\u0131ndaki Kanun h\u00fck\u00fcmleri esas al\u0131narak esas al\u0131narak a\u015fa\u011f\u0131daki kriterler d\u00e2hilinde yap\u0131lmaktad\u0131r. Kanunen internetten yap\u0131lan(anl\u0131k teslim edilebilir\/indirilebilir \u00fcr\u00fcnler hari\u00e7) sat\u0131\u015flarda (mesafeli s\u00f6zle\u015fmeler ile sat\u0131\u015flarda) t\u00fcketicilerin teslim ald\u0131\u011f\u0131 tarihten itibaren cayma hakk\u0131 kapsam\u0131nda 14 g\u00fcn i\u00e7erisinde hi\u00e7bir hukuki ve cezai sorumluluk \u00fcstlenmeksizin ve hi\u00e7 bir gerek\u00e7e g\u00f6stermeksizin mal\u0131 reddederek \u00fcr\u00fcn\u00fc iade hakk\u0131 [&hellip;]<\/p>\n","protected":false},"author":1,"featured_media":0,"parent":0,"menu_order":0,"comment_status":"closed","ping_status":"closed","template":"","meta":{"footnotes":""},"class_list":["post-260","page","type-page","status-publish","hentry"],"_links":{"self":[{"href":"http:\/\/pharmawen.com\/index.php\/wp-json\/wp\/v2\/pages\/260"}],"collection":[{"href":"http:\/\/pharmawen.com\/index.php\/wp-json\/wp\/v2\/pages"}],"about":[{"href":"http:\/\/pharmawen.com\/index.php\/wp-json\/wp\/v2\/types\/page"}],"author":[{"embeddable":true,"href":"http:\/\/pharmawen.com\/index.php\/wp-json\/wp\/v2\/users\/1"}],"replies":[{"embeddable":true,"href":"http:\/\/pharmawen.com\/index.php\/wp-json\/wp\/v2\/comments?post=260"}],"version-history":[{"count":0,"href":"http:\/\/pharmawen.com\/index.php\/wp-json\/wp\/v2\/pages\/260\/revisions"}],"wp:attachment":[{"href":"http:\/\/pharmawen.com\/index.php\/wp-json\/wp\/v2\/media?parent=260"}],"curies":[{"name":"wp","href":"https:\/\/api.w.org\/{rel}","templated":true}]}}